{"id":56,"date":"2024-03-27T10:16:36","date_gmt":"2024-03-27T09:16:36","guid":{"rendered":"https:\/\/atousablon.fr\/?page_id=56"},"modified":"2024-03-27T11:14:45","modified_gmt":"2024-03-27T10:14:45","slug":"evenements","status":"publish","type":"page","link":"https:\/\/atousablon.fr\/index.php\/evenements\/","title":{"rendered":"\u00c9v\u00e8nements"},"content":{"rendered":"\n<div class=\"wp-block-query alignwide is-layout-constrained wp-block-query-is-layout-constrained\"><ul class=\"alignwide wp-block-post-template is-layout-flow wp-block-post-template-is-layout-flow\"><li class=\"wp-block-post post-30 post type-post status-publish format-standard hentry\">\n\n<div class=\"wp-block-group is-layout-constrained wp-block-group-is-layout-constrained\"><h2 class=\"alignwide wp-block-post-title has-var-wp-custom-typography-font-size-huge-clamp-2-25-rem-4-vw-2-75-rem-font-size\"><a href=\"https:\/\/atousablon.fr\/index.php\/2024\/03\/16\/brocante-au-college-francois-rabelais\/\" target=\"_self\" >Brocante au coll\u00e8ge Fran\u00e7ois Rabelais \ud83d\udeb2\ud83e\uddf8\ud83d\udc57\ud83d\udc55\ud83d\udc5c<\/a><\/h2>\n\n\n\n\n<div class=\"wp-block-columns alignwide is-layout-flex wp-container-core-columns-is-layout-28f84493 wp-block-columns-is-layout-flex\">\n<div class=\"wp-block-column is-layout-flow wp-block-column-is-layout-flow\" style=\"flex-basis:650px\"><div class=\"wp-block-post-excerpt\"><p class=\"wp-block-post-excerpt__excerpt\">AtouSablon, en partenariat avec Le Quai et les repr\u00e9sentants de parents d\u2019\u00e9l\u00e8ves du coll\u00e8ge F.Rabelais vous propose une brocante <\/p><\/div>\n\n<div style=\"font-style:italic;font-weight:400;\" class=\"wp-block-post-date has-small-font-size\"><time datetime=\"2024-03-16T14:28:47+01:00\"><a href=\"https:\/\/atousablon.fr\/index.php\/2024\/03\/16\/brocante-au-college-francois-rabelais\/\">March 16, 2024<\/a><\/time><\/div><\/div>\n\n\n\n<div class=\"wp-block-column is-layout-flow wp-block-column-is-layout-flow\"><\/div>\n<\/div>\n\n\n\n<div style=\"height:16px\" aria-hidden=\"true\" class=\"wp-block-spacer\"><\/div>\n\n\n\n<hr class=\"wp-block-separator has-css-opacity alignwide is-style-wide\"\/>\n\n\n\n<div style=\"height:16px\" aria-hidden=\"true\" class=\"wp-block-spacer\"><\/div>\n<\/div>\n\n<\/li><li class=\"wp-block-post post-18 post type-post status-publish format-standard hentry category-non-classe\">\n\n<div class=\"wp-block-group is-layout-constrained wp-block-group-is-layout-constrained\"><h2 class=\"alignwide wp-block-post-title has-var-wp-custom-typography-font-size-huge-clamp-2-25-rem-4-vw-2-75-rem-font-size\"><a href=\"https:\/\/atousablon.fr\/index.php\/2024\/03\/13\/18\/\" target=\"_self\" >\ud83c\udf3a LA F\u00caTE DU PRINTEMPS AU SABLON, 06 &#038; 07 avril 2024  \ud83c\udf3e<\/a><\/h2>\n\n\n\n\n<div class=\"wp-block-columns alignwide is-layout-flex wp-container-core-columns-is-layout-28f84493 wp-block-columns-is-layout-flex\">\n<div class=\"wp-block-column is-layout-flow wp-block-column-is-layout-flow\" style=\"flex-basis:650px\"><div class=\"wp-block-post-excerpt\"><p class=\"wp-block-post-excerpt__excerpt\">LA F\u00caTE DU PRINTEMPS AU SABLON <\/p><\/div>\n\n<div style=\"font-style:italic;font-weight:400;\" class=\"wp-block-post-date has-small-font-size\"><time datetime=\"2024-03-13T22:00:04+01:00\"><a href=\"https:\/\/atousablon.fr\/index.php\/2024\/03\/13\/18\/\">March 13, 2024<\/a><\/time><\/div><\/div>\n\n\n\n<div class=\"wp-block-column is-layout-flow wp-block-column-is-layout-flow\"><\/div>\n<\/div>\n\n\n\n<div style=\"height:16px\" aria-hidden=\"true\" class=\"wp-block-spacer\"><\/div>\n\n\n\n<hr class=\"wp-block-separator has-css-opacity alignwide is-style-wide\"\/>\n\n\n\n<div style=\"height:16px\" aria-hidden=\"true\" class=\"wp-block-spacer\"><\/div>\n<\/div>\n\n<\/li><li class=\"wp-block-post post-1 post type-post status-publish format-standard hentry category-non-classe\">\n\n<div class=\"wp-block-group is-layout-constrained wp-block-group-is-layout-constrained\"><h2 class=\"alignwide wp-block-post-title has-var-wp-custom-typography-font-size-huge-clamp-2-25-rem-4-vw-2-75-rem-font-size\"><a href=\"https:\/\/atousablon.fr\/index.php\/2024\/02\/04\/bonjour-tout-le-monde\/\" target=\"_self\" >Bonjour tout le monde\u00a0!<\/a><\/h2>\n\n\n\n\n<div class=\"wp-block-columns alignwide is-layout-flex wp-container-core-columns-is-layout-28f84493 wp-block-columns-is-layout-flex\">\n<div class=\"wp-block-column is-layout-flow wp-block-column-is-layout-flow\" style=\"flex-basis:650px\"><div class=\"wp-block-post-excerpt\"><p class=\"wp-block-post-excerpt__excerpt\">L&#8217;association AtouSablon est n\u00e9e ! <\/p><\/div>\n\n<div style=\"font-style:italic;font-weight:400;\" class=\"wp-block-post-date has-small-font-size\"><time datetime=\"2024-02-04T16:49:37+01:00\"><a href=\"https:\/\/atousablon.fr\/index.php\/2024\/02\/04\/bonjour-tout-le-monde\/\">February 4, 2024<\/a><\/time><\/div><\/div>\n\n\n\n<div class=\"wp-block-column is-layout-flow wp-block-column-is-layout-flow\"><\/div>\n<\/div>\n\n\n\n<div style=\"height:16px\" aria-hidden=\"true\" class=\"wp-block-spacer\"><\/div>\n\n\n\n<hr class=\"wp-block-separator has-css-opacity alignwide is-style-wide\"\/>\n\n\n\n<div style=\"height:16px\" aria-hidden=\"true\" class=\"wp-block-spacer\"><\/div>\n<\/div>\n\n<\/li><\/ul>\n\n<\/div>\n\n\n\n<div style=\"height:66px\" aria-hidden=\"true\" class=\"wp-block-spacer\"><\/div>\n","protected":false},"excerpt":{"rendered":"","protected":false},"author":1,"featured_media":0,"parent":0,"menu_order":0,"comment_status":"closed","ping_status":"closed","template":"","meta":{"footnotes":""},"class_list":["post-56","page","type-page","status-publish","hentry"],"_links":{"self":[{"href":"https:\/\/atousablon.fr\/index.php\/wp-json\/wp\/v2\/pages\/56","targetHints":{"allow":["GET"]}}],"collection":[{"href":"https:\/\/atousablon.fr\/index.php\/wp-json\/wp\/v2\/pages"}],"about":[{"href":"https:\/\/atousablon.fr\/index.php\/wp-json\/wp\/v2\/types\/page"}],"author":[{"embeddable":true,"href":"https:\/\/atousablon.fr\/index.php\/wp-json\/wp\/v2\/users\/1"}],"replies":[{"embeddable":true,"href":"https:\/\/atousablon.fr\/index.php\/wp-json\/wp\/v2\/comments?post=56"}],"version-history":[{"count":4,"href":"https:\/\/atousablon.fr\/index.php\/wp-json\/wp\/v2\/pages\/56\/revisions"}],"predecessor-version":[{"id":84,"href":"https:\/\/atousablon.fr\/index.php\/wp-json\/wp\/v2\/pages\/56\/revisions\/84"}],"wp:attachment":[{"href":"https:\/\/atousablon.fr\/index.php\/wp-json\/wp\/v2\/media?parent=56"}],"curies":[{"name":"wp","href":"https:\/\/api.w.org\/{rel}","templated":true}]}}