{"id":2,"date":"2024-02-04T16:49:37","date_gmt":"2024-02-04T15:49:37","guid":{"rendered":"http:\/\/atousablon.fr\/?page_id=2"},"modified":"2024-03-27T11:15:27","modified_gmt":"2024-03-27T10:15:27","slug":"quisommesnous","status":"publish","type":"page","link":"https:\/\/atousablon.fr\/index.php\/quisommesnous\/","title":{"rendered":"Qui sommes nous"},"content":{"rendered":"\n<p>AtouSablon est une toutes nouvelle association &#8230; <\/p>\n\n\n\n<blockquote class=\"wp-block-quote is-layout-flow wp-block-quote-is-layout-flow\">\n<p>&#8220;Le Sablon est un super quartier&#8221; <\/p>\n<cite>Un \u00e9l\u00e8ve du coll\u00e8ge Rabelais<\/cite><\/blockquote>\n\n\n\n<p>Depuis des ann\u00e9es &#8230; <\/p>\n\n\n\n<blockquote class=\"wp-block-quote is-layout-flow wp-block-quote-is-layout-flow\">\n<p>bla-bla &#8230; <\/p>\n<cite>Un chaland de la rue Saint-Livier<\/cite><\/blockquote>\n\n\n\n<p>Venez vite nous retrouver &#8230; <\/p>\n","protected":false},"excerpt":{"rendered":"<p>AtouSablon est une toutes nouvelle association &#8230; &#8220;Le Sablon est un super quartier&#8221; Un \u00e9l\u00e8ve du coll\u00e8ge Rabelais Depuis des ann\u00e9es &#8230; bla-bla &#8230; Un chaland de la rue Saint-Livier Venez vite nous retrouver &#8230;<\/p>\n","protected":false},"author":1,"featured_media":0,"parent":0,"menu_order":0,"comment_status":"closed","ping_status":"closed","template":"","meta":{"footnotes":""},"class_list":["post-2","page","type-page","status-publish","hentry"],"_links":{"self":[{"href":"https:\/\/atousablon.fr\/index.php\/wp-json\/wp\/v2\/pages\/2","targetHints":{"allow":["GET"]}}],"collection":[{"href":"https:\/\/atousablon.fr\/index.php\/wp-json\/wp\/v2\/pages"}],"about":[{"href":"https:\/\/atousablon.fr\/index.php\/wp-json\/wp\/v2\/types\/page"}],"author":[{"embeddable":true,"href":"https:\/\/atousablon.fr\/index.php\/wp-json\/wp\/v2\/users\/1"}],"replies":[{"embeddable":true,"href":"https:\/\/atousablon.fr\/index.php\/wp-json\/wp\/v2\/comments?post=2"}],"version-history":[{"count":4,"href":"https:\/\/atousablon.fr\/index.php\/wp-json\/wp\/v2\/pages\/2\/revisions"}],"predecessor-version":[{"id":87,"href":"https:\/\/atousablon.fr\/index.php\/wp-json\/wp\/v2\/pages\/2\/revisions\/87"}],"wp:attachment":[{"href":"https:\/\/atousablon.fr\/index.php\/wp-json\/wp\/v2\/media?parent=2"}],"curies":[{"name":"wp","href":"https:\/\/api.w.org\/{rel}","templated":true}]}}